{"id":4000,"date":"2018-01-24T13:32:41","date_gmt":"2018-01-24T11:32:41","guid":{"rendered":"https:\/\/www.yamit-f.com\/customized-desing\/"},"modified":"2018-07-15T15:14:54","modified_gmt":"2018-07-15T12:14:54","slug":"customized-desing","status":"publish","type":"page","link":"https:\/\/www.yamit-f.com\/es\/customized-desing\/","title":{"rendered":"Dise\u00f1o personalizado&#8230;"},"content":{"rendered":"<div id=\"gt-c\" class=\"g-section\">\n<div id=\"gt-form-c\">\n<form id=\"gt-form\" action=\"\/\" enctype=\"application\/x-www-form-urlencoded\" method=\"post\" name=\"text_form\">\n<div id=\"gt-text-all\">\n<div id=\"gt-main\">\n<div id=\"gt-text-c\">\n<div id=\"gt-text-top\">\n<div id=\"gt-res-c\" class=\"g-unit\">\n<div id=\"gt-res-p\">\n<div id=\"gt-res-data\">\n<div id=\"gt-res-wrap\">\n<div id=\"gt-res-content\">\n<div id=\"gt-res-dir-ctr\" class=\"trans-verified-button-small\" dir=\"ltr\"><span id=\"gt-res-error\"><\/span><span id=\"result_box\" lang=\"es\" style=\"font-size: 24px;\">Dise\u00f1o y producci\u00f3n personalizados de acuerdo a las necesidades espec\u00edficas del cliente<\/span><\/div>\n<\/div>\n<\/div>\n<\/div>\n<\/div>\n<\/div>\n<\/div>\n<\/div>\n<\/div>\n<\/div>\n<\/form>\n<\/div>\n<\/div>\n<p><img decoding=\"async\" src=\"https:\/\/www.yamit-f.com\/wp-content\/uploads\/2017\/10\/verde-small.jpg\" \/>\u00a0 \u00a0 \u00a0 \u00a0 \u00a0 \u00a0 \u00a0 \u00a0 \u00a0 \u00a0 \u00a0 \u00a0 \u00a0 \u00a0 \u00a0 \u00a0<img decoding=\"async\" loading=\"lazy\" class=\"\" src=\"https:\/\/www.yamit-f.com\/wp-content\/uploads\/2017\/10\/Negro-small-1.jpg\" width=\"315\" height=\"288\" \/>\u00a0 \u00a0 \u00a0<\/p>\n<p>\u00a0 \u00a0 \u00a0 \u00a0 \u00a0 \u00a0 \u00a0 \u00a0 \u00a0 \u00a0 \u00a0 \u00a0Colombia\u00a0 \u00a0 \u00a0 \u00a0 \u00a0 \u00a0 \u00a0 \u00a0 \u00a0 \u00a0 \u00a0 \u00a0 \u00a0 \u00a0 \u00a0 \u00a0 \u00a0 \u00a0 \u00a0 \u00a0 \u00a0 \u00a0 \u00a0 \u00a0 \u00a0 \u00a0 \u00a0 \u00a0 \u00a0 \u00a0 \u00a0 \u00a0 \u00a0 \u00a0 \u00a0 \u00a0 \u00a0 \u00a0 \u00a0 \u00a0 \u00a0 \u00a0 \u00a0 \u00a0 \u00a0 \u00a0 \u00a0 \u00a0 \u00a0 \u00a0 \u00a0Per\u00fa<\/p>\n","protected":false},"excerpt":{"rendered":"<p>Dise\u00f1o y producci\u00f3n personalizados de acuerdo a las necesidades espec\u00edficas del cliente \u00a0 \u00a0 \u00a0 \u00a0 \u00a0 \u00a0 \u00a0 \u00a0 <a class=\"read-more\" href=\"https:\/\/www.yamit-f.com\/es\/customized-desing\/\">Read More<\/a><\/p>\n","protected":false},"author":3,"featured_media":1991,"parent":0,"menu_order":0,"comment_status":"closed","ping_status":"closed","template":"","meta":[],"_links":{"self":[{"href":"https:\/\/www.yamit-f.com\/es\/wp-json\/wp\/v2\/pages\/4000"}],"collection":[{"href":"https:\/\/www.yamit-f.com\/es\/wp-json\/wp\/v2\/pages"}],"about":[{"href":"https:\/\/www.yamit-f.com\/es\/wp-json\/wp\/v2\/types\/page"}],"author":[{"embeddable":true,"href":"https:\/\/www.yamit-f.com\/es\/wp-json\/wp\/v2\/users\/3"}],"replies":[{"embeddable":true,"href":"https:\/\/www.yamit-f.com\/es\/wp-json\/wp\/v2\/comments?post=4000"}],"version-history":[{"count":2,"href":"https:\/\/www.yamit-f.com\/es\/wp-json\/wp\/v2\/pages\/4000\/revisions"}],"predecessor-version":[{"id":4002,"href":"https:\/\/www.yamit-f.com\/es\/wp-json\/wp\/v2\/pages\/4000\/revisions\/4002"}],"wp:featuredmedia":[{"embeddable":true,"href":"https:\/\/www.yamit-f.com\/es\/wp-json\/wp\/v2\/media\/1991"}],"wp:attachment":[{"href":"https:\/\/www.yamit-f.com\/es\/wp-json\/wp\/v2\/media?parent=4000"}],"curies":[{"name":"wp","href":"https:\/\/api.w.org\/{rel}","templated":true}]}}