{"id":4008,"date":"2018-01-24T14:12:25","date_gmt":"2018-01-24T12:12:25","guid":{"rendered":"https:\/\/www.yamit-f.com\/available-quick-delivery\/"},"modified":"2018-07-15T15:15:24","modified_gmt":"2018-07-15T12:15:24","slug":"available-quick-delivery","status":"publish","type":"page","link":"https:\/\/www.yamit-f.com\/es\/available-quick-delivery\/","title":{"rendered":"Disponibilidad de entrega r\u00e1pida"},"content":{"rendered":"<p><span id=\"result_box\" lang=\"es\">Con dos plantas de fabricaci\u00f3n y una base de ingenier\u00eda de alto nivel, podemos ofrecer una entrega r\u00e1pida y puntual.<\/span><\/p>\n<p>&nbsp;<\/p>\n<p><img decoding=\"async\" loading=\"lazy\" class=\"details-image\" draggable=\"false\" src=\"https:\/\/www.yamit-f.com\/wp-content\/uploads\/2017\/11\/available-1.png\" alt=\"\" width=\"320\" height=\"237\" \/>\u00a0 \u00a0 \u00a0\u00a0<img decoding=\"async\" loading=\"lazy\" class=\"details-image\" draggable=\"false\" src=\"https:\/\/www.yamit-f.com\/wp-content\/uploads\/2018\/01\/IMG_3902-1024x1024.jpg\" alt=\"\" width=\"360\" height=\"358\" \/>\u00a0 \u00a0 \u00a0\u00a0<img decoding=\"async\" loading=\"lazy\" class=\"details-image\" draggable=\"false\" src=\"https:\/\/www.yamit-f.com\/wp-content\/uploads\/2018\/01\/Yamit-day-001-KK53_3846-1024x1024.jpg\" alt=\"\" width=\"361\" height=\"361\" \/>\u00a0 \u00a0 \u00a0 \u00a0\u00a0\u00a0 \u00a0 \u00a0 \u00a0 \u00a0 \u00a0 \u00a0<a href=\"https:\/\/www.yamit-f.com\/wp-content\/uploads\/2018\/01\/IMG_3902-1.jpg\"><img decoding=\"async\" loading=\"lazy\" class=\"alignnone  wp-image-2999\" src=\"https:\/\/www.yamit-f.com\/wp-content\/uploads\/2018\/01\/IMG_3902-1.jpg\" alt=\"\" width=\"248\" height=\"248\" srcset=\"https:\/\/www.yamit-f.com\/wp-content\/uploads\/2018\/01\/IMG_3902-1.jpg 3456w, https:\/\/www.yamit-f.com\/wp-content\/uploads\/2018\/01\/IMG_3902-1-250x250.jpg 250w, https:\/\/www.yamit-f.com\/wp-content\/uploads\/2018\/01\/IMG_3902-1-550x550.jpg 550w, https:\/\/www.yamit-f.com\/wp-content\/uploads\/2018\/01\/IMG_3902-1-760x760.jpg 760w, https:\/\/www.yamit-f.com\/wp-content\/uploads\/2018\/01\/IMG_3902-1-1024x1024.jpg 1024w, https:\/\/www.yamit-f.com\/wp-content\/uploads\/2018\/01\/IMG_3902-1-1080x1080.jpg 1080w, https:\/\/www.yamit-f.com\/wp-content\/uploads\/2018\/01\/IMG_3902-1-720x720.jpg 720w, https:\/\/www.yamit-f.com\/wp-content\/uploads\/2018\/01\/IMG_3902-1-800x800.jpg 800w, https:\/\/www.yamit-f.com\/wp-content\/uploads\/2018\/01\/IMG_3902-1-24x24.jpg 24w, https:\/\/www.yamit-f.com\/wp-content\/uploads\/2018\/01\/IMG_3902-1-36x36.jpg 36w, https:\/\/www.yamit-f.com\/wp-content\/uploads\/2018\/01\/IMG_3902-1-48x48.jpg 48w\" sizes=\"(max-width: 248px) 100vw, 248px\" \/><\/a> \u00a0 \u00a0\u00a0<img decoding=\"async\" loading=\"lazy\" class=\"details-image\" draggable=\"false\" src=\"https:\/\/www.yamit-f.com\/wp-content\/uploads\/2018\/01\/Yamit-day-001-KK53_3790-1024x1024.jpg\" alt=\"\" width=\"243\" height=\"243\" \/><\/p>\n<div class=\"attachment-actions\"><button class=\"button edit-attachment\" type=\"button\">Edit Image<\/button><\/div>\n","protected":false},"excerpt":{"rendered":"<p>Con dos plantas de fabricaci\u00f3n y una base de ingenier\u00eda de alto nivel, podemos ofrecer una entrega r\u00e1pida y puntual. <a class=\"read-more\" href=\"https:\/\/www.yamit-f.com\/es\/available-quick-delivery\/\">Read More<\/a><\/p>\n","protected":false},"author":3,"featured_media":2999,"parent":0,"menu_order":0,"comment_status":"closed","ping_status":"closed","template":"","meta":[],"_links":{"self":[{"href":"https:\/\/www.yamit-f.com\/es\/wp-json\/wp\/v2\/pages\/4008"}],"collection":[{"href":"https:\/\/www.yamit-f.com\/es\/wp-json\/wp\/v2\/pages"}],"about":[{"href":"https:\/\/www.yamit-f.com\/es\/wp-json\/wp\/v2\/types\/page"}],"author":[{"embeddable":true,"href":"https:\/\/www.yamit-f.com\/es\/wp-json\/wp\/v2\/users\/3"}],"replies":[{"embeddable":true,"href":"https:\/\/www.yamit-f.com\/es\/wp-json\/wp\/v2\/comments?post=4008"}],"version-history":[{"count":1,"href":"https:\/\/www.yamit-f.com\/es\/wp-json\/wp\/v2\/pages\/4008\/revisions"}],"predecessor-version":[{"id":4010,"href":"https:\/\/www.yamit-f.com\/es\/wp-json\/wp\/v2\/pages\/4008\/revisions\/4010"}],"wp:featuredmedia":[{"embeddable":true,"href":"https:\/\/www.yamit-f.com\/es\/wp-json\/wp\/v2\/media\/2999"}],"wp:attachment":[{"href":"https:\/\/www.yamit-f.com\/es\/wp-json\/wp\/v2\/media?parent=4008"}],"curies":[{"name":"wp","href":"https:\/\/api.w.org\/{rel}","templated":true}]}}