{"id":5033,"date":"2019-09-22T09:01:18","date_gmt":"2019-09-22T06:01:18","guid":{"rendered":"https:\/\/www.yamit-f.com\/?page_id=5033"},"modified":"2019-09-22T09:04:33","modified_gmt":"2019-09-22T06:04:33","slug":"download-app","status":"publish","type":"page","link":"https:\/\/www.yamit-f.com\/es\/download-app\/","title":{"rendered":"APP en su tel\u00e9fono"},"content":{"rendered":"<p>Baje nuestro cat\u00e1logo en su tel\u00e9fono:<\/p>\n<p>busque YAMIT Filtration y con un CLICK, tendr\u00e1 nuestro cat\u00e1logo y manuales\u00a0<\/p>\n<p><a href=\"https:\/\/www.yamit-f.com\/wp-content\/uploads\/2018\/03\/Screenshot_20180319-105708.png\"><img decoding=\"async\" loading=\"lazy\" class=\"alignnone size-medium wp-image-3179\" src=\"https:\/\/www.yamit-f.com\/wp-content\/uploads\/2018\/03\/Screenshot_20180319-105708-309x550.png\" alt=\"\" width=\"169\" height=\"300\" srcset=\"https:\/\/www.yamit-f.com\/wp-content\/uploads\/2018\/03\/Screenshot_20180319-105708-309x550.png 309w, https:\/\/www.yamit-f.com\/wp-content\/uploads\/2018\/03\/Screenshot_20180319-105708-760x1351.png 760w, https:\/\/www.yamit-f.com\/wp-content\/uploads\/2018\/03\/Screenshot_20180319-105708-608x1080.png 608w, https:\/\/www.yamit-f.com\/wp-content\/uploads\/2018\/03\/Screenshot_20180319-105708-405x720.png 405w, https:\/\/www.yamit-f.com\/wp-content\/uploads\/2018\/03\/Screenshot_20180319-105708-800x1422.png 800w, https:\/\/www.yamit-f.com\/wp-content\/uploads\/2018\/03\/Screenshot_20180319-105708-14x24.png 14w, https:\/\/www.yamit-f.com\/wp-content\/uploads\/2018\/03\/Screenshot_20180319-105708-20x36.png 20w, https:\/\/www.yamit-f.com\/wp-content\/uploads\/2018\/03\/Screenshot_20180319-105708-27x48.png 27w, https:\/\/www.yamit-f.com\/wp-content\/uploads\/2018\/03\/Screenshot_20180319-105708.png 1080w\" sizes=\"(max-width: 169px) 100vw, 169px\" \/><\/a><\/p>\n","protected":false},"excerpt":{"rendered":"<p>Baje nuestro cat\u00e1logo en su tel\u00e9fono: busque YAMIT Filtration y con un CLICK, tendr\u00e1 nuestro cat\u00e1logo y manuales\u00a0<\/p>\n","protected":false},"author":3,"featured_media":3179,"parent":0,"menu_order":0,"comment_status":"closed","ping_status":"closed","template":"","meta":[],"_links":{"self":[{"href":"https:\/\/www.yamit-f.com\/es\/wp-json\/wp\/v2\/pages\/5033"}],"collection":[{"href":"https:\/\/www.yamit-f.com\/es\/wp-json\/wp\/v2\/pages"}],"about":[{"href":"https:\/\/www.yamit-f.com\/es\/wp-json\/wp\/v2\/types\/page"}],"author":[{"embeddable":true,"href":"https:\/\/www.yamit-f.com\/es\/wp-json\/wp\/v2\/users\/3"}],"replies":[{"embeddable":true,"href":"https:\/\/www.yamit-f.com\/es\/wp-json\/wp\/v2\/comments?post=5033"}],"version-history":[{"count":3,"href":"https:\/\/www.yamit-f.com\/es\/wp-json\/wp\/v2\/pages\/5033\/revisions"}],"predecessor-version":[{"id":5037,"href":"https:\/\/www.yamit-f.com\/es\/wp-json\/wp\/v2\/pages\/5033\/revisions\/5037"}],"wp:featuredmedia":[{"embeddable":true,"href":"https:\/\/www.yamit-f.com\/es\/wp-json\/wp\/v2\/media\/3179"}],"wp:attachment":[{"href":"https:\/\/www.yamit-f.com\/es\/wp-json\/wp\/v2\/media?parent=5033"}],"curies":[{"name":"wp","href":"https:\/\/api.w.org\/{rel}","templated":true}]}}